{"id":7,"date":"2026-05-10T20:07:23","date_gmt":"2026-05-10T20:07:23","guid":{"rendered":"https:\/\/venlux.de\/?page_id=7"},"modified":"2026-05-10T20:07:23","modified_gmt":"2026-05-10T20:07:23","slug":"7-2","status":"publish","type":"page","link":"https:\/\/venlux.de\/","title":{"rendered":""},"content":{"rendered":"\n<div class=\"wp-block-cover alignfull is-light has-contrast-color has-text-color has-link-color wp-elements-c162b83c776bcf81f06a22896eb51902\" style=\"margin-top:0;margin-bottom:0;padding-top:var(--wp--preset--spacing--60);padding-right:var(--wp--preset--spacing--50);padding-bottom:var(--wp--preset--spacing--60);padding-left:var(--wp--preset--spacing--50)\"><span aria-hidden=\"true\" class=\"wp-block-cover__background has-base-background-color has-background-dim-100 has-background-dim\"><\/span><div class=\"wp-block-cover__inner-container has-global-padding is-layout-constrained wp-container-core-cover-is-layout-873ee6b1 wp-block-cover-is-layout-constrained\">\n<div class=\"wp-block-columns alignwide is-layout-flex wp-container-core-columns-is-layout-7ee84d44 wp-block-columns-is-layout-flex\">\n<div class=\"wp-block-column is-layout-flow wp-block-column-is-layout-flow\" style=\"flex-basis:65%\">\n<div class=\"wp-block-group is-vertical is-content-justification-stretch is-layout-flex wp-container-core-group-is-layout-353c4f5a wp-block-group-is-layout-flex\">\n<h2 class=\"wp-block-heading has-text-align-left\" style=\"font-size:clamp(4.509rem, 4.509rem + ((1vw - 0.2rem) * 8.613), 10rem);font-style:normal;font-weight:300;letter-spacing:-0.03em;line-height:1.4\">Venlux<\/h2>\n\n\n\n<p class=\"is-style-text-subtitle is-style-text-subtitle--1\">Venlux Windenergie entwickelt kompakte Windenergieanlagen f\u00fcr den dezentralen Einsatz. Unsere Produkte kombinieren Windkraft mit Solartechnik und erm\u00f6glichen ortsunabh\u00e4ngige, nachhaltige Energieerzeugung.<\/p>\n\n\n\n<p class=\"is-style-text-subtitle is-style-text-subtitle--2\"><\/p>\n<\/div>\n<\/div>\n\n\n\n<div class=\"wp-block-column is-layout-flow wp-block-column-is-layout-flow\" style=\"flex-basis:35%\">\n<div class=\"wp-block-group is-vertical is-content-justification-stretch is-nowrap is-layout-flex wp-container-core-group-is-layout-73b0033c wp-block-group-is-layout-flex\">\n<figure class=\"wp-block-image size-full\"><img loading=\"lazy\" decoding=\"async\" width=\"1024\" height=\"940\" src=\"https:\/\/venlux.de\/wp-content\/uploads\/2026\/05\/645937556_18044402276527272_1221328127305678075_n.jpg\" alt=\"\" class=\"wp-image-9\" style=\"object-fit:cover\" srcset=\"https:\/\/venlux.de\/wp-content\/uploads\/2026\/05\/645937556_18044402276527272_1221328127305678075_n.jpg 1024w, https:\/\/venlux.de\/wp-content\/uploads\/2026\/05\/645937556_18044402276527272_1221328127305678075_n-300x275.jpg 300w, https:\/\/venlux.de\/wp-content\/uploads\/2026\/05\/645937556_18044402276527272_1221328127305678075_n-768x705.jpg 768w\" sizes=\"auto, (max-width: 1024px) 100vw, 1024px\" \/><\/figure>\n\n\n\n<p class=\"has-text-align-right has-x-large-font-size\" style=\"line-height:1.2\"><a href=\"https:\/\/www.instagram.com\/venlux_windenergie\">Instagram<\/a><\/p>\n<\/div>\n<\/div>\n<\/div>\n<\/div><\/div>\n\n\n\n<p><\/p>\n","protected":false},"excerpt":{"rendered":"","protected":false},"author":1,"featured_media":0,"parent":0,"menu_order":0,"comment_status":"closed","ping_status":"closed","template":"","meta":{"footnotes":""},"class_list":["post-7","page","type-page","status-publish","hentry"],"yoast_head":"<!-- This site is optimized with the Yoast SEO plugin v27.5 - https:\/\/yoast.com\/product\/yoast-seo-wordpress\/ -->\n<title>- Venlux | Solar- und Windenergie<\/title>\n<meta name=\"robots\" content=\"index, follow, max-snippet:-1, max-image-preview:large, max-video-preview:-1\" \/>\n<link rel=\"canonical\" href=\"https:\/\/venlux.de\/?page_id=7\" \/>\n<meta property=\"og:locale\" content=\"de_DE\" \/>\n<meta property=\"og:type\" content=\"article\" \/>\n<meta property=\"og:title\" content=\"- Venlux | Solar- und Windenergie\" \/>\n<meta property=\"og:url\" content=\"https:\/\/venlux.de\/?page_id=7\" \/>\n<meta property=\"og:site_name\" content=\"Venlux | Solar- und Windenergie\" \/>\n<meta property=\"og:image\" content=\"https:\/\/venlux.de\/wp-content\/uploads\/2026\/05\/645937556_18044402276527272_1221328127305678075_n.jpg\" \/>\n\t<meta property=\"og:image:width\" content=\"1024\" \/>\n\t<meta property=\"og:image:height\" content=\"940\" \/>\n\t<meta property=\"og:image:type\" content=\"image\/jpeg\" \/>\n<meta name=\"twitter:card\" content=\"summary_large_image\" \/>\n<meta name=\"twitter:label1\" content=\"Gesch\u00e4tzte Lesezeit\" \/>\n\t<meta name=\"twitter:data1\" content=\"1\u00a0Minute\" \/>\n<script type=\"application\/ld+json\" class=\"yoast-schema-graph\">{\"@context\":\"https:\\\/\\\/schema.org\",\"@graph\":[{\"@type\":\"WebPage\",\"@id\":\"https:\\\/\\\/venlux.de\\\/?page_id=7\",\"url\":\"https:\\\/\\\/venlux.de\\\/?page_id=7\",\"name\":\"- Venlux | Solar- und Windenergie\",\"isPartOf\":{\"@id\":\"https:\\\/\\\/venlux.de\\\/#website\"},\"primaryImageOfPage\":{\"@id\":\"https:\\\/\\\/venlux.de\\\/?page_id=7#primaryimage\"},\"image\":{\"@id\":\"https:\\\/\\\/venlux.de\\\/?page_id=7#primaryimage\"},\"thumbnailUrl\":\"https:\\\/\\\/venlux.de\\\/wp-content\\\/uploads\\\/2026\\\/05\\\/645937556_18044402276527272_1221328127305678075_n.jpg\",\"datePublished\":\"2026-05-10T20:07:23+00:00\",\"inLanguage\":\"de\",\"potentialAction\":[{\"@type\":\"ReadAction\",\"target\":[\"https:\\\/\\\/venlux.de\\\/?page_id=7\"]}]},{\"@type\":\"ImageObject\",\"inLanguage\":\"de\",\"@id\":\"https:\\\/\\\/venlux.de\\\/?page_id=7#primaryimage\",\"url\":\"https:\\\/\\\/venlux.de\\\/wp-content\\\/uploads\\\/2026\\\/05\\\/645937556_18044402276527272_1221328127305678075_n.jpg\",\"contentUrl\":\"https:\\\/\\\/venlux.de\\\/wp-content\\\/uploads\\\/2026\\\/05\\\/645937556_18044402276527272_1221328127305678075_n.jpg\",\"width\":1024,\"height\":940},{\"@type\":\"WebSite\",\"@id\":\"https:\\\/\\\/venlux.de\\\/#website\",\"url\":\"https:\\\/\\\/venlux.de\\\/\",\"name\":\"Venlux | Solar- und Windenergie\",\"description\":\"Unser Konzept f\u00fcr unsere Wind- und Solarenergie\",\"publisher\":{\"@id\":\"https:\\\/\\\/venlux.de\\\/#organization\"},\"potentialAction\":[{\"@type\":\"SearchAction\",\"target\":{\"@type\":\"EntryPoint\",\"urlTemplate\":\"https:\\\/\\\/venlux.de\\\/?s={search_term_string}\"},\"query-input\":{\"@type\":\"PropertyValueSpecification\",\"valueRequired\":true,\"valueName\":\"search_term_string\"}}],\"inLanguage\":\"de\"},{\"@type\":\"Organization\",\"@id\":\"https:\\\/\\\/venlux.de\\\/#organization\",\"name\":\"Venlux | Solar- und Windenergie\",\"url\":\"https:\\\/\\\/venlux.de\\\/\",\"logo\":{\"@type\":\"ImageObject\",\"inLanguage\":\"de\",\"@id\":\"https:\\\/\\\/venlux.de\\\/#\\\/schema\\\/logo\\\/image\\\/\",\"url\":\"https:\\\/\\\/venlux.de\\\/wp-content\\\/uploads\\\/2026\\\/05\\\/645847345_18044403083527272_3586422552148322184_n.jpg\",\"contentUrl\":\"https:\\\/\\\/venlux.de\\\/wp-content\\\/uploads\\\/2026\\\/05\\\/645847345_18044403083527272_3586422552148322184_n.jpg\",\"width\":150,\"height\":150,\"caption\":\"Venlux | Solar- und Windenergie\"},\"image\":{\"@id\":\"https:\\\/\\\/venlux.de\\\/#\\\/schema\\\/logo\\\/image\\\/\"}}]}<\/script>\n<!-- \/ Yoast SEO plugin. -->","yoast_head_json":{"title":"- Venlux | Solar- und Windenergie","robots":{"index":"index","follow":"follow","max-snippet":"max-snippet:-1","max-image-preview":"max-image-preview:large","max-video-preview":"max-video-preview:-1"},"canonical":"https:\/\/venlux.de\/?page_id=7","og_locale":"de_DE","og_type":"article","og_title":"- Venlux | Solar- und Windenergie","og_url":"https:\/\/venlux.de\/?page_id=7","og_site_name":"Venlux | Solar- und Windenergie","og_image":[{"width":1024,"height":940,"url":"https:\/\/venlux.de\/wp-content\/uploads\/2026\/05\/645937556_18044402276527272_1221328127305678075_n.jpg","type":"image\/jpeg"}],"twitter_card":"summary_large_image","twitter_misc":{"Gesch\u00e4tzte Lesezeit":"1\u00a0Minute"},"schema":{"@context":"https:\/\/schema.org","@graph":[{"@type":"WebPage","@id":"https:\/\/venlux.de\/?page_id=7","url":"https:\/\/venlux.de\/?page_id=7","name":"- Venlux | Solar- und Windenergie","isPartOf":{"@id":"https:\/\/venlux.de\/#website"},"primaryImageOfPage":{"@id":"https:\/\/venlux.de\/?page_id=7#primaryimage"},"image":{"@id":"https:\/\/venlux.de\/?page_id=7#primaryimage"},"thumbnailUrl":"https:\/\/venlux.de\/wp-content\/uploads\/2026\/05\/645937556_18044402276527272_1221328127305678075_n.jpg","datePublished":"2026-05-10T20:07:23+00:00","inLanguage":"de","potentialAction":[{"@type":"ReadAction","target":["https:\/\/venlux.de\/?page_id=7"]}]},{"@type":"ImageObject","inLanguage":"de","@id":"https:\/\/venlux.de\/?page_id=7#primaryimage","url":"https:\/\/venlux.de\/wp-content\/uploads\/2026\/05\/645937556_18044402276527272_1221328127305678075_n.jpg","contentUrl":"https:\/\/venlux.de\/wp-content\/uploads\/2026\/05\/645937556_18044402276527272_1221328127305678075_n.jpg","width":1024,"height":940},{"@type":"WebSite","@id":"https:\/\/venlux.de\/#website","url":"https:\/\/venlux.de\/","name":"Venlux | Solar- und Windenergie","description":"Unser Konzept f\u00fcr unsere Wind- und Solarenergie","publisher":{"@id":"https:\/\/venlux.de\/#organization"},"potentialAction":[{"@type":"SearchAction","target":{"@type":"EntryPoint","urlTemplate":"https:\/\/venlux.de\/?s={search_term_string}"},"query-input":{"@type":"PropertyValueSpecification","valueRequired":true,"valueName":"search_term_string"}}],"inLanguage":"de"},{"@type":"Organization","@id":"https:\/\/venlux.de\/#organization","name":"Venlux | Solar- und Windenergie","url":"https:\/\/venlux.de\/","logo":{"@type":"ImageObject","inLanguage":"de","@id":"https:\/\/venlux.de\/#\/schema\/logo\/image\/","url":"https:\/\/venlux.de\/wp-content\/uploads\/2026\/05\/645847345_18044403083527272_3586422552148322184_n.jpg","contentUrl":"https:\/\/venlux.de\/wp-content\/uploads\/2026\/05\/645847345_18044403083527272_3586422552148322184_n.jpg","width":150,"height":150,"caption":"Venlux | Solar- und Windenergie"},"image":{"@id":"https:\/\/venlux.de\/#\/schema\/logo\/image\/"}}]}},"_links":{"self":[{"href":"https:\/\/venlux.de\/index.php?rest_route=\/wp\/v2\/pages\/7","targetHints":{"allow":["GET"]}}],"collection":[{"href":"https:\/\/venlux.de\/index.php?rest_route=\/wp\/v2\/pages"}],"about":[{"href":"https:\/\/venlux.de\/index.php?rest_route=\/wp\/v2\/types\/page"}],"author":[{"embeddable":true,"href":"https:\/\/venlux.de\/index.php?rest_route=\/wp\/v2\/users\/1"}],"replies":[{"embeddable":true,"href":"https:\/\/venlux.de\/index.php?rest_route=%2Fwp%2Fv2%2Fcomments&post=7"}],"version-history":[{"count":1,"href":"https:\/\/venlux.de\/index.php?rest_route=\/wp\/v2\/pages\/7\/revisions"}],"predecessor-version":[{"id":10,"href":"https:\/\/venlux.de\/index.php?rest_route=\/wp\/v2\/pages\/7\/revisions\/10"}],"wp:attachment":[{"href":"https:\/\/venlux.de\/index.php?rest_route=%2Fwp%2Fv2%2Fmedia&parent=7"}],"curies":[{"name":"wp","href":"https:\/\/api.w.org\/{rel}","templated":true}]}}